{"id":9610,"date":"2016-10-04T12:07:49","date_gmt":"2016-10-04T16:07:49","guid":{"rendered":"https:\/\/www.noemieraymond.com\/videos\/"},"modified":"2025-12-02T13:23:58","modified_gmt":"2025-12-02T18:23:58","slug":"videos","status":"publish","type":"page","link":"https:\/\/www.noemieraymond.com\/en\/videos\/","title":{"rendered":"Videos"},"content":{"rendered":"<div class=\"wpb-content-wrapper\"><p>[vc_row content_width=&#8221;grid&#8221; css=&#8221;.vc_custom_1729538658064{padding-top: 120px !important;padding-bottom: 120px !important;}&#8221;][vc_column offset=&#8221;vc_col-lg-6 vc_col-md-6&#8243;][vc_video link=&#8221;https:\/\/www.youtube.com\/watch?v=30ADYRH7Cqw&#8221; align=&#8221;center&#8221; css=&#8221;&#8221;][vc_empty_space]<div class=\"qodef-image-with-text-over\">\n    <div class=\"qodef-imto-image-holder\">\n        <img loading=\"lazy\" decoding=\"async\" width=\"635\" height=\"357\" src=\"https:\/\/www.noemieraymond.com\/wp-content\/uploads\/2024\/10\/video_fabriqueculturelle.jpg\" class=\"attachment-full size-full\" alt=\"\" srcset=\"https:\/\/www.noemieraymond.com\/wp-content\/uploads\/2024\/10\/video_fabriqueculturelle.jpg 635w, https:\/\/www.noemieraymond.com\/wp-content\/uploads\/2024\/10\/video_fabriqueculturelle-300x169.jpg 300w\" sizes=\"auto, (max-width: 635px) 100vw, 635px\" \/>    <\/div>\n    <div class=\"qodef-imto-text-holder\">\n        <div class=\"qodef-imto-text-holder-inner\">\n            <div class=\"qodef-imto-text-holder-inner2\">\n                                    <span class=\"qodef-imto-subtitle\">Musique en nature : le r\u00e9cital intime de No\u00e9mie Raymond. La Fabrique culturelle, T\u00e9l\u00e9-Qu\u00e9bec<\/span>\n                                                                    <a href=\"https:\/\/video.telequebec.tv\/details\/50487\" target=\"_blank\"  class=\"qodef-btn qodef-btn-medium qodef-btn-outline qodef-btn-custom-hover-bg qodef-btn-custom-border-hover qodef-btn-custom-hover-color qodef-btn-light\" data-hover-bg-color=\"#fff\" data-hover-color=\"#000\" data-hover-border-color=\"#fff\" >    <span class=\"qodef-btn-text\">Voir la vid\u00e9o<\/span>    <\/a>                            <\/div>\n        <\/div>\n    <\/div>\n\n<\/div>[vc_empty_space][vc_video link=&#8221;https:\/\/youtu.be\/ovQJyD-7vis&#8221; align=&#8221;center&#8221;][vc_empty_space][vc_video link=&#8221;https:\/\/youtu.be\/SpfRFG7TtyA&#8221; align=&#8221;center&#8221;][vc_empty_space][vc_video link=&#8221;https:\/\/youtu.be\/ttQelB1cDFM&#8221; align=&#8221;center&#8221;][vc_empty_space][vc_video link=&#8221;https:\/\/youtu.be\/-TenpUdGw78&#8243; align=&#8221;center&#8221;][vc_empty_space][vc_video link=&#8221;https:\/\/www.youtube.com\/watch?v=ANFTQe6fViA&#8221; align=&#8221;center&#8221; css=&#8221;&#8221;][\/vc_column][vc_column offset=&#8221;vc_col-lg-6 vc_col-md-6&#8243;][vc_video link=&#8221;https:\/\/youtu.be\/YvUo_8p8zcI&#8221; align=&#8221;center&#8221;][vc_empty_space][vc_video link=&#8221;https:\/\/www.youtube.com\/watch?v=gi38ZN5tJrs&#8221; align=&#8221;center&#8221; css=&#8221;&#8221;][vc_empty_space][vc_video link=&#8221;https:\/\/youtu.be\/rr8LDpP5Tjg&#8221; align=&#8221;center&#8221;][vc_empty_space][vc_video link=&#8221;https:\/\/youtu.be\/uk0MJEateus&#8221; align=&#8221;center&#8221;][vc_empty_space][vc_video link=&#8221;https:\/\/youtu.be\/MoU2ZJ1xpGc&#8221; align=&#8221;center&#8221;][vc_empty_space][vc_video link=&#8221;https:\/\/youtu.be\/wpZBv_Ith50&#8243; align=&#8221;center&#8221;][\/vc_column][\/vc_row]<\/p>\n<\/div>","protected":false},"excerpt":{"rendered":"<p>[vc_row content_width=&#8221;grid&#8221; css=&#8221;.vc_custom_1729538658064{padding-top: 120px !important;padding-bottom: 120px !important;}&#8221;][vc_column offset=&#8221;vc_col-lg-6 vc_col-md-6&#8243;][vc_video link=&#8221;https:\/\/www.youtube.com\/watch?v=30ADYRH7Cqw&#8221; align=&#8221;center&#8221; css=&#8221;&#8221;][vc_empty_space][vc_empty_space][vc_video link=&#8221;https:\/\/youtu.be\/ovQJyD-7vis&#8221; align=&#8221;center&#8221;][vc_empty_space][vc_video link=&#8221;https:\/\/youtu.be\/SpfRFG7TtyA&#8221; align=&#8221;center&#8221;][vc_empty_space][vc_video link=&#8221;https:\/\/youtu.be\/ttQelB1cDFM&#8221; align=&#8221;center&#8221;][vc_empty_space][vc_video link=&#8221;https:\/\/youtu.be\/-TenpUdGw78&#8243; align=&#8221;center&#8221;][vc_empty_space][vc_video&#8230;<\/p>\n","protected":false},"author":1,"featured_media":0,"parent":0,"menu_order":7,"comment_status":"closed","ping_status":"closed","template":"full-width.php","meta":{"footnotes":""},"class_list":["post-9610","page","type-page","status-publish","hentry"],"_links":{"self":[{"href":"https:\/\/www.noemieraymond.com\/en\/wp-json\/wp\/v2\/pages\/9610","targetHints":{"allow":["GET"]}}],"collection":[{"href":"https:\/\/www.noemieraymond.com\/en\/wp-json\/wp\/v2\/pages"}],"about":[{"href":"https:\/\/www.noemieraymond.com\/en\/wp-json\/wp\/v2\/types\/page"}],"author":[{"embeddable":true,"href":"https:\/\/www.noemieraymond.com\/en\/wp-json\/wp\/v2\/users\/1"}],"replies":[{"embeddable":true,"href":"https:\/\/www.noemieraymond.com\/en\/wp-json\/wp\/v2\/comments?post=9610"}],"version-history":[{"count":6,"href":"https:\/\/www.noemieraymond.com\/en\/wp-json\/wp\/v2\/pages\/9610\/revisions"}],"predecessor-version":[{"id":10184,"href":"https:\/\/www.noemieraymond.com\/en\/wp-json\/wp\/v2\/pages\/9610\/revisions\/10184"}],"wp:attachment":[{"href":"https:\/\/www.noemieraymond.com\/en\/wp-json\/wp\/v2\/media?parent=9610"}],"curies":[{"name":"wp","href":"https:\/\/api.w.org\/{rel}","templated":true}]}}